{"id":1364,"date":"2026-01-13T23:18:52","date_gmt":"2026-01-14T02:18:52","guid":{"rendered":"https:\/\/neektar.com\/?page_id=1364"},"modified":"2026-03-14T22:29:17","modified_gmt":"2026-03-15T01:29:17","slug":"servicios","status":"publish","type":"page","link":"https:\/\/neektar.com\/?page_id=1364","title":{"rendered":"Servicios"},"content":{"rendered":"<p>[et_pb_section fb_built=\u00bb1&#8243; custom_padding_last_edited=\u00bbon|phone\u00bb admin_label=\u00bbEvent Schedule\u00bb module_class=\u00bbfondo-efecto-ondas\u00bb _builder_version=\u00bb4.22.1&#8243; _module_preset=\u00bbdefault\u00bb background_color=\u00bb#000fff\u00bb background_enable_image=\u00bboff\u00bb background_blend=\u00bbhard-light\u00bb width=\u00bb100%\u00bb width_tablet=\u00bb100%\u00bb width_phone=\u00bb100%\u00bb width_last_edited=\u00bbon|desktop\u00bb max_width=\u00bb100%\u00bb max_width_tablet=\u00bb100%\u00bb max_width_phone=\u00bb100%\u00bb max_width_last_edited=\u00bbon|phone\u00bb module_alignment=\u00bbcenter\u00bb custom_margin=\u00bb0px|0px|0px|0px|false|true\u00bb custom_padding=\u00bb100px|41px|100px|41px|true|true\u00bb custom_padding_tablet=\u00bb60px|40px|60px|40px|true|true\u00bb custom_padding_phone=\u00bb40px|20px|40px|20px|true|true\u00bb animation_style=\u00bbfade\u00bb animation_duration=\u00bb650ms\u00bb background_last_edited=\u00bbon|desktop\u00bb border_color_all=\u00bb#000000&#8243; collapsed=\u00bbon\u00bb global_colors_info=\u00bb{%22gcid-3be8d3fa-8b11-41b4-b614-e601c43d7597%22:%91%22background_color%22%93}\u00bb background__hover_enabled=\u00bbon|hover\u00bb background_color__hover=\u00bb#000fff\u00bb background_enable_color__hover=\u00bbon\u00bb background_mask_color__hover=\u00bb#000fff\u00bb background_mask_blend_mode__hover=\u00bbnormal\u00bb background_mask_style__hover=\u00bblayer-blob\u00bb background_enable_mask_style__hover=\u00bbon\u00bb background_image__hover=\u00bb\u00bb background_enable_image__hover=\u00bboff\u00bb background_size__hover=\u00bbcover\u00bb parallax__hover=\u00bboff\u00bb background_blend__hover=\u00bbsoft-light\u00bb][et_pb_row custom_padding_last_edited=\u00bbon|phone\u00bb _builder_version=\u00bb4.22.1&#8243; _module_preset=\u00bbdefault\u00bb width=\u00bb100%\u00bb max_width=\u00bb1800px\u00bb custom_padding=\u00bb0px||40px||false|false\u00bb custom_padding_tablet=\u00bb0px||40px||false|false\u00bb custom_padding_phone=\u00bb0px||40px||false|false\u00bb link_option_url=\u00bb#\u00bb border_color_all=\u00bb#000000&#8243; border_color_bottom=\u00bb#FFFFFF\u00bb locked=\u00bboff\u00bb global_colors_info=\u00bb{}\u00bb transform_styles__hover_enabled=\u00bboff|desktop\u00bb transform_scale__hover_enabled=\u00bboff|desktop\u00bb transform_translate__hover_enabled=\u00bboff|desktop\u00bb transform_rotate__hover_enabled=\u00bboff|desktop\u00bb transform_skew__hover_enabled=\u00bboff|desktop\u00bb transform_origin__hover_enabled=\u00bboff|desktop\u00bb transform_scale__hover=\u00bb98%|98%\u00bb background__hover_enabled=\u00bboff|hover\u00bb background_color__hover=\u00bb#efefef\u00bb background_enable_color__hover=\u00bbon\u00bb][et_pb_column type=\u00bb4_4&#8243; _builder_version=\u00bb4.22.1&#8243; _module_preset=\u00bbdefault\u00bb global_colors_info=\u00bb{}\u00bb][et_pb_blurb title=\u00bbServicios\u00bb content_max_width_tablet=\u00bb100%\u00bb content_max_width_phone=\u00bb100%\u00bb content_max_width_last_edited=\u00bbon|phone\u00bb _builder_version=\u00bb4.22.1&#8243; _module_preset=\u00bbe5b72fd3-4f2e-4526-857b-7a60604ebd88&#8243; header_level=\u00bbh3&#8243; header_font=\u00bbArchivo|700|||||||\u00bb header_text_color=\u00bb#FFFFFF\u00bb header_font_size=\u00bb90px\u00bb body_font=\u00bbArchivo||||||||\u00bb body_text_color=\u00bb#000fff\u00bb width=\u00bb100%\u00bb module_alignment=\u00bbleft\u00bb custom_margin=\u00bb||17px|0px|false|false\u00bb custom_margin_tablet=\u00bb||17px|0px|false|false\u00bb custom_margin_phone=\u00bb||17px|0px|false|false\u00bb custom_margin_last_edited=\u00bbon|phone\u00bb custom_padding=\u00bb|||0px|false|false\u00bb header_font_size_tablet=\u00bb48px\u00bb header_font_size_phone=\u00bb36px\u00bb header_font_size_last_edited=\u00bbon|phone\u00bb module_alignment_tablet=\u00bbleft\u00bb module_alignment_phone=\u00bbleft\u00bb module_alignment_last_edited=\u00bbon|phone\u00bb locked=\u00bboff\u00bb global_colors_info=\u00bb{%22gcid-89ade5c1-8cb2-4026-a48f-a0b1f9f98f24%22:%91%22link_text_color%22,%22quote_border_color%22%93}\u00bb quote_font_size_tablet=\u00bb20px\u00bb quote_font_size_phone=\u00bb16px\u00bb quote_font_size_last_edited=\u00bbon|desktop\u00bb][\/et_pb_blurb][et_pb_text _builder_version=\u00bb4.22.1&#8243; _module_preset=\u00bbdd691eb9-44e6-4965-b9d4-b303fc3f69ea\u00bb header_2_font=\u00bbArchivo|500|||||||\u00bb header_2_text_color=\u00bb#FFFFFF\u00bb header_2_font_size=\u00bb50px\u00bb width=\u00bb90%\u00bb width_tablet=\u00bb90%\u00bb width_phone=\u00bb90%\u00bb width_last_edited=\u00bbon|phone\u00bb max_width=\u00bb100%\u00bb module_alignment=\u00bbcenter\u00bb custom_margin=\u00bb||-4px|||\u00bb custom_padding=\u00bb|20px|20px||false|false\u00bb custom_padding_tablet=\u00bb|20px|||false|false\u00bb custom_padding_phone=\u00bb|0px|||false|false\u00bb custom_padding_last_edited=\u00bbon|phone\u00bb header_2_font_size_phone=\u00bb18px\u00bb global_colors_info=\u00bb{}\u00bb]<\/p>\n<h2>Dise\u00f1amos identidades de marca y sitios web optimizados para IA, priorizando experiencia e intenci\u00f3n de b\u00fasqueda de los usuarios.<\/h2>\n<p>[\/et_pb_text][\/et_pb_column][\/et_pb_row][et_pb_row _builder_version=\u00bb4.22.1&#8243; _module_preset=\u00bbdefault\u00bb width=\u00bb100%\u00bb width_tablet=\u00bb100%\u00bb width_phone=\u00bb100%\u00bb width_last_edited=\u00bbon|phone\u00bb max_width=\u00bb1800px\u00bb custom_padding=\u00bb||60px||false|false\u00bb link_option_url=\u00bb#\u00bb background_last_edited=\u00bbon|desktop\u00bb border_color_all=\u00bb#000000&#8243; border_width_bottom=\u00bb1px\u00bb border_color_bottom=\u00bb#FFFFFF\u00bb locked=\u00bboff\u00bb global_colors_info=\u00bb{}\u00bb transform_styles__hover_enabled=\u00bbon|hover\u00bb transform_scale__hover_enabled=\u00bbon|hover\u00bb transform_translate__hover_enabled=\u00bbon|desktop\u00bb transform_rotate__hover_enabled=\u00bbon|desktop\u00bb transform_skew__hover_enabled=\u00bbon|desktop\u00bb transform_origin__hover_enabled=\u00bbon|desktop\u00bb transform_scale__hover=\u00bb98%|98%\u00bb background__hover_enabled=\u00bboff|desktop\u00bb background_color__hover=\u00bbrgba(0,15,255,0.1)\u00bb background_enable_color__hover=\u00bbon\u00bb][et_pb_column type=\u00bb4_4&#8243; _builder_version=\u00bb4.22.1&#8243; _module_preset=\u00bbdefault\u00bb global_colors_info=\u00bb{}\u00bb][et_pb_blurb title=\u00bbDise\u00f1o de Marca\u00bb _builder_version=\u00bb4.22.1&#8243; _module_preset=\u00bbe5b72fd3-4f2e-4526-857b-7a60604ebd88&#8243; header_font=\u00bbArchivo|500|||||||\u00bb header_text_color=\u00bb#FFFFFF\u00bb body_font=\u00bbArchivo||||||||\u00bb body_text_color=\u00bb#000fff\u00bb custom_margin=\u00bb0px||10px|0px|false|false\u00bb custom_margin_tablet=\u00bb|||0px|false|false\u00bb custom_margin_phone=\u00bb|||0px|false|false\u00bb custom_margin_last_edited=\u00bbon|phone\u00bb custom_padding=\u00bb0px||0px|0px|true|false\u00bb locked=\u00bboff\u00bb global_colors_info=\u00bb{%22gcid-89ade5c1-8cb2-4026-a48f-a0b1f9f98f24%22:%91%22link_text_color%22,%22quote_border_color%22%93}\u00bb quote_font_size_tablet=\u00bb20px\u00bb quote_font_size_phone=\u00bb16px\u00bb quote_font_size_last_edited=\u00bbon|desktop\u00bb][\/et_pb_blurb][et_pb_text _builder_version=\u00bb4.22.1&#8243; _module_preset=\u00bb06ac8a38-5d04-4fbf-8c46-ac2084bc7ebc\u00bb header_4_font=\u00bbArchivo|500|||||||\u00bb header_4_text_color=\u00bb#FFFFFF\u00bb header_4_font_size=\u00bb21px\u00bb text_orientation=\u00bbright\u00bb width=\u00bb90%\u00bb width_tablet=\u00bb100%\u00bb width_phone=\u00bb90%\u00bb width_last_edited=\u00bbon|phone\u00bb module_alignment=\u00bbcenter\u00bb custom_margin=\u00bb|0px|0px||false|false\u00bb custom_margin_tablet=\u00bb|||0px|false|false\u00bb custom_margin_phone=\u00bb|||0px|false|false\u00bb custom_margin_last_edited=\u00bbon|tablet\u00bb custom_padding=\u00bb3px|118px|||false|false\u00bb custom_padding_tablet=\u00bb|0px|||false|false\u00bb custom_padding_phone=\u00bb|0px|||false|false\u00bb custom_padding_last_edited=\u00bbon|phone\u00bb header_4_font_size_tablet=\u00bb21px\u00bb header_4_font_size_phone=\u00bb14px\u00bb header_4_font_size_last_edited=\u00bbon|phone\u00bb text_orientation_tablet=\u00bbleft\u00bb text_orientation_phone=\u00bbleft\u00bb text_orientation_last_edited=\u00bbon|tablet\u00bb border_radii=\u00bbon|4px|4px|4px|4px\u00bb global_colors_info=\u00bb{}\u00bb header_4_text_color__hover_enabled=\u00bboff|desktop\u00bb header_4_text_color__hover=\u00bb#FFFFFF\u00bb]<\/p>\n<h4 style=\"text-align: left;\">Dise\u00f1amos identidades de marca s\u00f3lidas y con impacto, capaces de conectar emocionalmente con tu audiencia a trav\u00e9s de un prop\u00f3sito claro. Desarrollamos tu identidad visual y conceptual en etapas colaborativas, validando cada decisi\u00f3n contigo para asegurar una marca coherente, fuerte y escalable.<\/h4>\n<p>[\/et_pb_text][et_pb_text _builder_version=\u00bb4.22.1&#8243; _module_preset=\u00bb15c5e60f-8a98-400c-8f04-1463569ca798&#8243; text_font=\u00bbArchivo||||||||\u00bb text_text_color=\u00bb#FFFFFF\u00bb text_line_height=\u00bb1.3em\u00bb text_orientation=\u00bbright\u00bb width=\u00bb90%\u00bb module_alignment=\u00bbcenter\u00bb text_orientation_tablet=\u00bbleft\u00bb text_orientation_phone=\u00bbleft\u00bb text_orientation_last_edited=\u00bbon|tablet\u00bb global_colors_info=\u00bb{}\u00bb text_text_color__hover_enabled=\u00bboff|desktop\u00bb text_text_color__hover=\u00bb#FFFFFF\u00bb]<\/p>\n<p style=\"text-align: left;\">Investigaci\u00f3n \/ Naming \/ Dise\u00f1o de Marca \/ Tono de Voz de la Marca \/ Manual de Marca<\/p>\n<p>[\/et_pb_text][\/et_pb_column][\/et_pb_row][et_pb_row _builder_version=\u00bb4.22.1&#8243; _module_preset=\u00bbdefault\u00bb width=\u00bb100%\u00bb max_width=\u00bb1800px\u00bb custom_padding=\u00bb||60px||false|false\u00bb link_option_url=\u00bb#\u00bb border_color_all=\u00bb#000000&#8243; border_width_bottom=\u00bb1px\u00bb border_color_bottom=\u00bb#FFFFFF\u00bb locked=\u00bboff\u00bb global_colors_info=\u00bb{}\u00bb transform_styles__hover_enabled=\u00bbon|hover\u00bb transform_scale__hover_enabled=\u00bbon|hover\u00bb transform_translate__hover_enabled=\u00bbon|desktop\u00bb transform_rotate__hover_enabled=\u00bbon|desktop\u00bb transform_skew__hover_enabled=\u00bbon|desktop\u00bb transform_origin__hover_enabled=\u00bbon|desktop\u00bb transform_scale__hover=\u00bb98%|98%\u00bb background__hover_enabled=\u00bboff|desktop\u00bb background_color__hover=\u00bbrgba(0,15,255,0.1)\u00bb background_enable_color__hover=\u00bbon\u00bb][et_pb_column type=\u00bb4_4&#8243; _builder_version=\u00bb4.22.1&#8243; _module_preset=\u00bbdefault\u00bb global_colors_info=\u00bb{}\u00bb][et_pb_blurb title=\u00bbDise\u00f1o Web\u00bb _builder_version=\u00bb4.22.1&#8243; _module_preset=\u00bbe5b72fd3-4f2e-4526-857b-7a60604ebd88&#8243; header_font=\u00bbArchivo|500|||||||\u00bb header_text_color=\u00bb#FFFFFF\u00bb body_font=\u00bbArchivo||||||||\u00bb body_text_color=\u00bb#000fff\u00bb custom_margin=\u00bb0px||0px||true|false\u00bb custom_margin_tablet=\u00bb\u00bb custom_margin_phone=\u00bb\u00bb custom_margin_last_edited=\u00bbon|tablet\u00bb custom_padding=\u00bb0px||10px||false|false\u00bb locked=\u00bboff\u00bb global_colors_info=\u00bb{%22gcid-89ade5c1-8cb2-4026-a48f-a0b1f9f98f24%22:%91%22link_text_color%22,%22quote_border_color%22%93}\u00bb quote_font_size_tablet=\u00bb20px\u00bb quote_font_size_phone=\u00bb16px\u00bb quote_font_size_last_edited=\u00bbon|desktop\u00bb][\/et_pb_blurb][et_pb_text _builder_version=\u00bb4.22.1&#8243; _module_preset=\u00bb06ac8a38-5d04-4fbf-8c46-ac2084bc7ebc\u00bb header_4_font=\u00bbArchivo|500|||||||\u00bb header_4_text_color=\u00bb#FFFFFF\u00bb header_4_font_size=\u00bb21px\u00bb text_orientation=\u00bbright\u00bb width=\u00bb90%\u00bb module_alignment=\u00bbcenter\u00bb custom_margin=\u00bb||0px||false|false\u00bb custom_padding=\u00bb3px|80px|||false|false\u00bb custom_padding_tablet=\u00bb|0px|||false|false\u00bb custom_padding_phone=\u00bb|0px|||false|false\u00bb custom_padding_last_edited=\u00bbon|phone\u00bb header_4_font_size_tablet=\u00bb21px\u00bb header_4_font_size_phone=\u00bb14px\u00bb header_4_font_size_last_edited=\u00bbon|phone\u00bb text_orientation_tablet=\u00bbleft\u00bb text_orientation_phone=\u00bbleft\u00bb text_orientation_last_edited=\u00bbon|tablet\u00bb border_radii=\u00bbon|4px|4px|4px|4px\u00bb global_colors_info=\u00bb{}\u00bb]<\/p>\n<h4 style=\"text-align: left;\">Dise\u00f1o de sitios web innovadores, s\u00f3lidos, atractivos para empresas en crecimiento. Cada proyecto refleja nuestro compromiso con calidad, innovaci\u00f3n, eficiencia y, sobre todo, con el \u00e9xito de nuestros clientes.<\/h4>\n<p>[\/et_pb_text][et_pb_text _builder_version=\u00bb4.22.1&#8243; _module_preset=\u00bb15c5e60f-8a98-400c-8f04-1463569ca798&#8243; text_font=\u00bbArchivo||||||||\u00bb text_text_color=\u00bb#FFFFFF\u00bb text_line_height=\u00bb1.3em\u00bb text_orientation=\u00bbright\u00bb width=\u00bb90%\u00bb module_alignment=\u00bbcenter\u00bb text_orientation_tablet=\u00bbleft\u00bb text_orientation_phone=\u00bbleft\u00bb text_orientation_last_edited=\u00bbon|tablet\u00bb global_colors_info=\u00bb{}\u00bb text_text_color__hover_enabled=\u00bboff|desktop\u00bb text_text_color__hover=\u00bb#FFFFFF\u00bb]<\/p>\n<p style=\"text-align: left;\">Investigaci\u00f3n \/ SEO \/ Dise\u00f1o de Web \/ Landing Page \/ Contenido Web \/ Estrateg\u00eda \/ Captaci\u00f3n de Clientes<\/p>\n<p>[\/et_pb_text][\/et_pb_column][\/et_pb_row][et_pb_row _builder_version=\u00bb4.22.1&#8243; _module_preset=\u00bbdefault\u00bb background_enable_color=\u00bboff\u00bb width=\u00bb100%\u00bb max_width=\u00bb1800px\u00bb custom_margin=\u00bb0px||||false|false\u00bb custom_padding=\u00bb30px||60px||false|false\u00bb link_option_url=\u00bb#\u00bb border_color_all=\u00bb#000000&#8243; border_width_bottom=\u00bb1px\u00bb border_color_bottom=\u00bb#FFFFFF\u00bb locked=\u00bboff\u00bb global_colors_info=\u00bb{}\u00bb transform_styles__hover_enabled=\u00bbon|hover\u00bb transform_scale__hover_enabled=\u00bbon|hover\u00bb transform_translate__hover_enabled=\u00bbon|desktop\u00bb transform_rotate__hover_enabled=\u00bbon|desktop\u00bb transform_skew__hover_enabled=\u00bbon|desktop\u00bb transform_origin__hover_enabled=\u00bbon|desktop\u00bb transform_scale__hover=\u00bb98%|98%\u00bb background__hover_enabled=\u00bboff|desktop\u00bb background_color__hover=\u00bbrgba(0,15,255,0.1)\u00bb background_enable_color__hover=\u00bbon\u00bb][et_pb_column type=\u00bb4_4&#8243; _builder_version=\u00bb4.22.1&#8243; _module_preset=\u00bbdefault\u00bb global_colors_info=\u00bb{}\u00bb][et_pb_blurb title=\u00bbDirecci\u00f3n Creativa\u00bb _builder_version=\u00bb4.22.1&#8243; _module_preset=\u00bbe5b72fd3-4f2e-4526-857b-7a60604ebd88&#8243; header_font=\u00bbArchivo|500|||||||\u00bb header_text_color=\u00bb#FFFFFF\u00bb body_font=\u00bbArchivo||||||||\u00bb body_text_color=\u00bb#000fff\u00bb custom_margin=\u00bb0px||0px||true|false\u00bb custom_padding=\u00bb0px||10px||false|false\u00bb locked=\u00bboff\u00bb global_colors_info=\u00bb{%22gcid-89ade5c1-8cb2-4026-a48f-a0b1f9f98f24%22:%91%22link_text_color%22,%22quote_border_color%22%93}\u00bb quote_font_size_tablet=\u00bb20px\u00bb quote_font_size_phone=\u00bb16px\u00bb quote_font_size_last_edited=\u00bbon|desktop\u00bb][\/et_pb_blurb][et_pb_text _builder_version=\u00bb4.22.1&#8243; _module_preset=\u00bb06ac8a38-5d04-4fbf-8c46-ac2084bc7ebc\u00bb header_4_font=\u00bbArchivo|500|||||||\u00bb header_4_text_color=\u00bb#FFFFFF\u00bb header_4_font_size=\u00bb21px\u00bb text_orientation=\u00bbright\u00bb width=\u00bb90%\u00bb module_alignment=\u00bbcenter\u00bb custom_margin=\u00bb0px||0px||false|false\u00bb custom_padding=\u00bb0px|118px|0px||false|false\u00bb custom_padding_tablet=\u00bb|0px|||false|false\u00bb custom_padding_phone=\u00bb|0px|||false|false\u00bb custom_padding_last_edited=\u00bbon|tablet\u00bb header_4_font_size_tablet=\u00bb21px\u00bb header_4_font_size_phone=\u00bb14px\u00bb header_4_font_size_last_edited=\u00bbon|phone\u00bb text_orientation_tablet=\u00bbleft\u00bb text_orientation_phone=\u00bbleft\u00bb text_orientation_last_edited=\u00bbon|tablet\u00bb border_radii=\u00bbon|4px|4px|4px|4px\u00bb global_colors_info=\u00bb{}\u00bb]<\/p>\n<h4 style=\"text-align: left;\">Dise\u00f1o con prop\u00f3sito. Direcci\u00f3n de arte\u00a0que ordena, eleva y da coherencia a la comunicaci\u00f3n visual. Transformamos piezas aisladas en un sistema visual s\u00f3lido, reconocible y estrat\u00e9gico.<\/h4>\n<p>[\/et_pb_text][et_pb_text _builder_version=\u00bb4.22.1&#8243; _module_preset=\u00bb15c5e60f-8a98-400c-8f04-1463569ca798&#8243; text_font=\u00bbArchivo||||||||\u00bb text_text_color=\u00bb#FFFFFF\u00bb text_orientation=\u00bbright\u00bb width=\u00bb90%\u00bb module_alignment=\u00bbcenter\u00bb text_orientation_tablet=\u00bbleft\u00bb text_orientation_phone=\u00bbleft\u00bb text_orientation_last_edited=\u00bbon|tablet\u00bb global_colors_info=\u00bb{}\u00bb]<\/p>\n<p style=\"text-align: left;\">Referencia \/ Investigaci\u00f3n \/ Creatividad \/ Fotograf\u00eda \/ Innovaci\u00f3n \/ Comunicaci\u00f3n \/ Estrateg\u00eda \/ Eventos<\/p>\n<p>[\/et_pb_text][\/et_pb_column][\/et_pb_row][et_pb_row _builder_version=\u00bb4.22.1&#8243; _module_preset=\u00bbdefault\u00bb background_enable_color=\u00bboff\u00bb width=\u00bb100%\u00bb max_width=\u00bb1800px\u00bb custom_margin=\u00bb0px||0px||true|false\u00bb custom_padding=\u00bb30px||60px||false|false\u00bb link_option_url=\u00bb#\u00bb border_color_all=\u00bb#FFFFFF\u00bb border_width_bottom=\u00bb1px\u00bb locked=\u00bboff\u00bb global_colors_info=\u00bb{}\u00bb transform_styles__hover_enabled=\u00bbon|hover\u00bb transform_scale__hover_enabled=\u00bbon|hover\u00bb transform_translate__hover_enabled=\u00bbon|desktop\u00bb transform_rotate__hover_enabled=\u00bbon|desktop\u00bb transform_skew__hover_enabled=\u00bbon|desktop\u00bb transform_origin__hover_enabled=\u00bbon|desktop\u00bb transform_scale__hover=\u00bb98%|98%\u00bb background__hover_enabled=\u00bboff|desktop\u00bb background_color__hover=\u00bbrgba(0,15,255,0.1)\u00bb background_enable_color__hover=\u00bbon\u00bb][et_pb_column type=\u00bb4_4&#8243; _builder_version=\u00bb4.22.1&#8243; _module_preset=\u00bbdefault\u00bb global_colors_info=\u00bb{}\u00bb][et_pb_blurb title=\u00bbAsesor\u00eda en Inteligencia Artificial (IA)\u00bb _builder_version=\u00bb4.22.1&#8243; _module_preset=\u00bbe5b72fd3-4f2e-4526-857b-7a60604ebd88&#8243; header_font=\u00bbArchivo|500|||||||\u00bb header_text_color=\u00bb#FFFFFF\u00bb body_font=\u00bbArchivo||||||||\u00bb body_text_color=\u00bb#000fff\u00bb custom_margin=\u00bb0px||0px||false|false\u00bb custom_padding=\u00bb0px||10px||false|false\u00bb locked=\u00bboff\u00bb global_colors_info=\u00bb{%22gcid-89ade5c1-8cb2-4026-a48f-a0b1f9f98f24%22:%91%22link_text_color%22,%22quote_border_color%22%93}\u00bb quote_font_size_tablet=\u00bb20px\u00bb quote_font_size_phone=\u00bb16px\u00bb quote_font_size_last_edited=\u00bbon|desktop\u00bb][\/et_pb_blurb][et_pb_text _builder_version=\u00bb4.22.1&#8243; _module_preset=\u00bb06ac8a38-5d04-4fbf-8c46-ac2084bc7ebc\u00bb header_4_font=\u00bbArchivo|500|||||||\u00bb header_4_text_color=\u00bb#FFFFFF\u00bb header_4_font_size=\u00bb21px\u00bb text_orientation=\u00bbright\u00bb width=\u00bb90%\u00bb module_alignment=\u00bbcenter\u00bb custom_margin=\u00bb||0px||false|false\u00bb custom_padding=\u00bb3px|100px|||false|false\u00bb custom_padding_tablet=\u00bb|0px|||false|false\u00bb custom_padding_phone=\u00bb|0px|||false|false\u00bb custom_padding_last_edited=\u00bbon|tablet\u00bb header_4_font_size_tablet=\u00bb21px\u00bb header_4_font_size_phone=\u00bb14px\u00bb header_4_font_size_last_edited=\u00bbon|phone\u00bb text_orientation_tablet=\u00bbleft\u00bb text_orientation_phone=\u00bbleft\u00bb text_orientation_last_edited=\u00bbon|tablet\u00bb border_radii=\u00bbon|4px|4px|4px|4px\u00bb global_colors_info=\u00bb{}\u00bb]<\/p>\n<h4 style=\"text-align: left;\">\u00a0Flujos de trabajo para la creaci\u00f3n de contenido. Ayudamos a las empresas a crecer en un contexto de cambio constante. Impulsando la transformaci\u00f3n a trav\u00e9s de la innovaci\u00f3n continua, la estrat\u00e9gica y la expansi\u00f3n sostenible con resultados.<\/h4>\n<p>[\/et_pb_text][et_pb_text _builder_version=\u00bb4.22.1&#8243; _module_preset=\u00bb15c5e60f-8a98-400c-8f04-1463569ca798&#8243; text_font=\u00bbArchivo||||||||\u00bb text_text_color=\u00bb#FFFFFF\u00bb text_orientation=\u00bbright\u00bb width=\u00bb90%\u00bb module_alignment=\u00bbcenter\u00bb text_orientation_tablet=\u00bbleft\u00bb text_orientation_phone=\u00bbleft\u00bb text_orientation_last_edited=\u00bbon|tablet\u00bb global_colors_info=\u00bb{}\u00bb]<\/p>\n<p style=\"text-align: left;\">Investigaci\u00f3n \/ Flujos de Trabajo para Crear Contenido \/ Dise\u00f1o de Marca \/ SEO para IA<\/p>\n<p>[\/et_pb_text][\/et_pb_column][\/et_pb_row][\/et_pb_section][et_pb_section fb_built=\u00bb1&#8243; custom_padding_last_edited=\u00bbon|phone\u00bb admin_label=\u00bbHeader &#038; Contact Form\u00bb module_class=\u00bbfondo-efecto-ondas\u00bb _builder_version=\u00bb4.22.1&#8243; _module_preset=\u00bbdefault\u00bb background_color=\u00bb#000fff\u00bb custom_padding=\u00bb50px||100px||false|false\u00bb custom_padding_tablet=\u00bb20px||20px||true|false\u00bb custom_padding_phone=\u00bb0px||0px||true|false\u00bb animation_style=\u00bbfade\u00bb animation_duration=\u00bb650ms\u00bb collapsed=\u00bbon\u00bb global_colors_info=\u00bb{}\u00bb][et_pb_row _builder_version=\u00bb4.24.2&#8243; _module_preset=\u00bbdefault\u00bb width=\u00bb90%\u00bb max_width=\u00bbnone\u00bb locked=\u00bboff\u00bb global_colors_info=\u00bb{}\u00bb][et_pb_column type=\u00bb4_4&#8243; _builder_version=\u00bb4.24.2&#8243; _module_preset=\u00bbdefault\u00bb global_colors_info=\u00bb{}\u00bb][et_pb_text _builder_version=\u00bb4.22.1&#8243; _module_preset=\u00bba83ab618-8df1-44cc-9217-24bf98e94f41&#8243; header_font=\u00bb||||||||\u00bb header_2_font=\u00bbArchivo|500|||||||\u00bb header_2_text_color=\u00bb#FFFFFF\u00bb header_2_font_size=\u00bb5vw\u00bb custom_margin=\u00bb||20px||false|false\u00bb custom_padding=\u00bb||0px||false|false\u00bb hover_enabled=\u00bb0&#8243; global_colors_info=\u00bb{}\u00bb sticky_enabled=\u00bb0&#8243;]<\/p>\n<h2><em><strong>\u00a1Hola!<\/strong><\/em><\/h2>\n<p>[\/et_pb_text][et_pb_text _builder_version=\u00bb4.22.1&#8243; _module_preset=\u00bbdd691eb9-44e6-4965-b9d4-b303fc3f69ea\u00bb header_text_color=\u00bb#000000&#8243; header_2_font=\u00bbArchivo|700|||||||\u00bb header_2_text_color=\u00bb#FFFFFF\u00bb global_colors_info=\u00bb{}\u00bb]<\/p>\n<h2>Com\u00e9ntanos en que podemos ayudarte&#8230;<\/h2>\n<p>[\/et_pb_text][\/et_pb_column][\/et_pb_row][et_pb_row custom_padding_last_edited=\u00bbon|desktop\u00bb _builder_version=\u00bb4.22.1&#8243; _module_preset=\u00bbdefault\u00bb background_color=\u00bb#FFFFFF\u00bb width=\u00bb90%\u00bb width_tablet=\u00bb90%\u00bb width_phone=\u00bb90%\u00bb width_last_edited=\u00bbon|phone\u00bb max_width=\u00bbnone\u00bb custom_padding=\u00bb50px|40px|50px|40px|true|true\u00bb custom_padding_tablet=\u00bb30px|30px|30px|30px|true|true\u00bb custom_padding_phone=\u00bb20px|20px|20px|20px|true|true\u00bb border_radii=\u00bbon|12px|12px|12px|12px\u00bb locked=\u00bboff\u00bb global_colors_info=\u00bb{}\u00bb][et_pb_column type=\u00bb4_4&#8243; _builder_version=\u00bb4.22.1&#8243; _module_preset=\u00bbdefault\u00bb custom_padding=\u00bb0px||||false|false\u00bb global_colors_info=\u00bb{}\u00bb][wpforms_selector form_id=\u00bb1545&#8243; _builder_version=\u00bb4.22.1&#8243; _module_preset=\u00bbdefault\u00bb global_colors_info=\u00bb{}\u00bb][\/wpforms_selector][\/et_pb_column][\/et_pb_row][\/et_pb_section]<\/p>\n","protected":false},"excerpt":{"rendered":"<p>Dise\u00f1amos identidades de marca y sitios web optimizados para IA, priorizando experiencia e intenci\u00f3n de b\u00fasqueda de los usuarios.Dise\u00f1amos identidades de marca s\u00f3lidas y con impacto, capaces de conectar emocionalmente con tu audiencia a trav\u00e9s de un prop\u00f3sito claro. Desarrollamos tu identidad visual y conceptual en etapas colaborativas, validando cada decisi\u00f3n contigo para asegurar una [&hellip;]<\/p>\n","protected":false},"author":1,"featured_media":0,"parent":0,"menu_order":0,"comment_status":"closed","ping_status":"closed","template":"","meta":{"_et_pb_use_builder":"on","_et_pb_old_content":"","_et_gb_content_width":"","footnotes":""},"class_list":["post-1364","page","type-page","status-publish","hentry"],"_links":{"self":[{"href":"https:\/\/neektar.com\/index.php?rest_route=\/wp\/v2\/pages\/1364","targetHints":{"allow":["GET"]}}],"collection":[{"href":"https:\/\/neektar.com\/index.php?rest_route=\/wp\/v2\/pages"}],"about":[{"href":"https:\/\/neektar.com\/index.php?rest_route=\/wp\/v2\/types\/page"}],"author":[{"embeddable":true,"href":"https:\/\/neektar.com\/index.php?rest_route=\/wp\/v2\/users\/1"}],"replies":[{"embeddable":true,"href":"https:\/\/neektar.com\/index.php?rest_route=%2Fwp%2Fv2%2Fcomments&post=1364"}],"version-history":[{"count":33,"href":"https:\/\/neektar.com\/index.php?rest_route=\/wp\/v2\/pages\/1364\/revisions"}],"predecessor-version":[{"id":2713,"href":"https:\/\/neektar.com\/index.php?rest_route=\/wp\/v2\/pages\/1364\/revisions\/2713"}],"wp:attachment":[{"href":"https:\/\/neektar.com\/index.php?rest_route=%2Fwp%2Fv2%2Fmedia&parent=1364"}],"curies":[{"name":"wp","href":"https:\/\/api.w.org\/{rel}","templated":true}]}}