{"id":2180,"date":"2026-03-13T00:12:53","date_gmt":"2026-03-13T03:12:53","guid":{"rendered":"https:\/\/neektar.com\/?page_id=2180"},"modified":"2026-04-08T15:01:04","modified_gmt":"2026-04-08T18:01:04","slug":"seo","status":"publish","type":"page","link":"https:\/\/neektar.com\/?page_id=2180","title":{"rendered":"GEO \/ SEO"},"content":{"rendered":"<p>[et_pb_section fb_built=\u00bb1&#8243; admin_label=\u00bbHeader\u00bb _builder_version=\u00bb4.22.1&#8243; _module_preset=\u00bbdefault\u00bb background_color=\u00bb#000fff\u00bb animation_style=\u00bbfade\u00bb animation_duration=\u00bb1200ms\u00bb collapsed=\u00bbon\u00bb global_colors_info=\u00bb{}\u00bb][et_pb_row _builder_version=\u00bb4.24.2&#8243; _module_preset=\u00bbdefault\u00bb width=\u00bb90%\u00bb max_width=\u00bbnone\u00bb global_colors_info=\u00bb{}\u00bb][et_pb_column type=\u00bb4_4&#8243; _builder_version=\u00bb4.24.2&#8243; _module_preset=\u00bbdefault\u00bb global_colors_info=\u00bb{}\u00bb][et_pb_text _builder_version=\u00bb4.22.1&#8243; _module_preset=\u00bb80f6cc4f-6a43-4061-a470-0fdd4e781a12&#8243; header_font=\u00bbRoboto|500|||||||\u00bb global_colors_info=\u00bb{}\u00bb]<\/p>\n<h1>Consultoria <span style=\"color: #ff6600;\"><strong>SEO<\/strong><\/span><\/h1>\n<p>[\/et_pb_text][\/et_pb_column][\/et_pb_row][et_pb_row column_structure=\u00bb1_3,1_3,1_3&#8243; _builder_version=\u00bb4.24.2&#8243; _module_preset=\u00bbdefault\u00bb width=\u00bb90%\u00bb max_width=\u00bbnone\u00bb global_colors_info=\u00bb{}\u00bb][et_pb_column type=\u00bb1_3&#8243; _builder_version=\u00bb4.24.2&#8243; _module_preset=\u00bbdefault\u00bb global_colors_info=\u00bb{}\u00bb][et_pb_text _builder_version=\u00bb4.22.1&#8243; _module_preset=\u00bb624a6faf-ee32-40c9-9e5d-85be5d7b9118&#8243; global_colors_info=\u00bb{}\u00bb]<\/p>\n<p>Dise\u00f1amos un plan en funci\u00f3n de tus objetivos comerciales, pensado para escalar resultados sostenibles y medibles. Incluyendo las LLMs.<\/p>\n<p>[\/et_pb_text][\/et_pb_column][et_pb_column type=\u00bb1_3&#8243; _builder_version=\u00bb4.24.2&#8243; _module_preset=\u00bbdefault\u00bb global_colors_info=\u00bb{}\u00bb][et_pb_text _builder_version=\u00bb4.22.1&#8243; _module_preset=\u00bb624a6faf-ee32-40c9-9e5d-85be5d7b9118&#8243; global_colors_info=\u00bb{}\u00bb]<\/p>\n<p>El objetivo principal de una consultoria es mejorar la visibilidad y atraer tr\u00e1fico relevante y de calidad hacia tu web, sin pagar por anuncios.<\/p>\n<p>[\/et_pb_text][\/et_pb_column][et_pb_column type=\u00bb1_3&#8243; _builder_version=\u00bb4.24.2&#8243; _module_preset=\u00bbdefault\u00bb global_colors_info=\u00bb{}\u00bb][et_pb_button button_url=\u00bbhttps:\/\/neektar.com\/?page_id=1548&#8243; button_text=\u00bbHablemos de proyectos\u00bb button_alignment=\u00bbleft\u00bb _builder_version=\u00bb4.22.1&#8243; _module_preset=\u00bb18f1ae3b-eeb3-495d-8647-fe718c187849&#8243; button_text_size=\u00bb28px\u00bb button_bg_color=\u00bbRGBA(255,255,255,0)\u00bb button_border_color=\u00bbRGBA(255,255,255,0)\u00bb button_letter_spacing=\u00bb0em\u00bb button_font=\u00bbRoboto|300||||||RGBA(255,255,255,0)|\u00bb button_icon_color=\u00bb#ff5623&#8243; button_on_hover=\u00bboff\u00bb custom_margin=\u00bb2px|0px|0px|0px|false|false\u00bb custom_padding=\u00bb0px|0px|0px|0px|true|true\u00bb button_text_size_tablet=\u00bb21px\u00bb button_text_size_phone=\u00bb18px\u00bb button_text_size_last_edited=\u00bbon|phone\u00bb button_icon_tablet=\u00bb\u00bb button_icon_phone=\u00bb\u00bb button_icon_last_edited=\u00bbon|phone\u00bb global_colors_info=\u00bb{}\u00bb button_icon_color__hover_enabled=\u00bbon|desktop\u00bb button_icon_color__hover=\u00bb#ff5623&#8243;][\/et_pb_button][et_pb_divider _builder_version=\u00bb4.22.1&#8243; _module_preset=\u00bbdefault\u00bb global_colors_info=\u00bb{}\u00bb][\/et_pb_divider][\/et_pb_column][\/et_pb_row][\/et_pb_section][et_pb_section fb_built=\u00bb1&#8243; admin_label=\u00bbFeatured Models\u00bb _builder_version=\u00bb4.22.1&#8243; _module_preset=\u00bbdefault\u00bb custom_padding=\u00bb80px||50px||false|false\u00bb animation_style=\u00bbfade\u00bb animation_duration=\u00bb1200ms\u00bb collapsed=\u00bbon\u00bb global_colors_info=\u00bb{}\u00bb][et_pb_row _builder_version=\u00bb4.24.2&#8243; _module_preset=\u00bbdefault\u00bb width=\u00bb90%\u00bb max_width=\u00bb2000px\u00bb global_colors_info=\u00bb{}\u00bb][et_pb_column type=\u00bb4_4&#8243; _builder_version=\u00bb4.24.2&#8243; _module_preset=\u00bbdefault\u00bb global_colors_info=\u00bb{}\u00bb][et_pb_text _builder_version=\u00bb4.22.1&#8243; _module_preset=\u00bbe6e4676f-fec9-4392-8799-0e6526439dfc\u00bb header_text_color=\u00bb#000000&#8243; header_2_font=\u00bbArchivo|500|||||||\u00bb header_2_text_color=\u00bb#000000&#8243; global_colors_info=\u00bb{}\u00bb]<\/p>\n<h2>Dise\u00f1o de Planificaci\u00f3n SEO<\/h2>\n<p>[\/et_pb_text][\/et_pb_column][\/et_pb_row][et_pb_row column_structure=\u00bb1_3,1_3,1_3&#8243; _builder_version=\u00bb4.24.2&#8243; _module_preset=\u00bbdefault\u00bb width=\u00bb90%\u00bb max_width=\u00bb2000px\u00bb global_colors_info=\u00bb{}\u00bb][et_pb_column type=\u00bb1_3&#8243; _builder_version=\u00bb4.24.2&#8243; _module_preset=\u00bbdefault\u00bb global_colors_info=\u00bb{}\u00bb][et_pb_text _builder_version=\u00bb4.22.1&#8243; _module_preset=\u00bb624a6faf-ee32-40c9-9e5d-85be5d7b9118&#8243; text_text_color=\u00bb#000000&#8243; global_colors_info=\u00bb{}\u00bb]<\/p>\n<p>Estrateg\u00eda SEO personalizada con pr\u00f3posito.<\/p>\n<p>Dise\u00f1amos un plan estrategico alineado a tus objetivos comercilaes pensado para escalar resultados sostenibles y medibles.<\/p>\n<p>[\/et_pb_text][\/et_pb_column][et_pb_column type=\u00bb1_3&#8243; _builder_version=\u00bb4.24.2&#8243; _module_preset=\u00bbdefault\u00bb global_colors_info=\u00bb{}\u00bb][et_pb_text _builder_version=\u00bb4.22.1&#8243; _module_preset=\u00bb624a6faf-ee32-40c9-9e5d-85be5d7b9118&#8243; text_text_color=\u00bb#000000&#8243; global_colors_info=\u00bb{}\u00bb]<\/p>\n<p>An\u00e1lisis avanzado de datos<\/p>\n<p>Eploramos m\u00e9tricas, tendencias y KPIs clave para detectar oportunidades concretas y definir acciones que generen impacto.<\/p>\n<p>[\/et_pb_text][et_pb_text _builder_version=\u00bb4.24.2&#8243; _module_preset=\u00bb8e67dbcf-67f7-4c96-ab2f-34c93468515b\u00bb global_colors_info=\u00bb{}\u00bb]Renesmee Thomas[\/et_pb_text][\/et_pb_column][et_pb_column type=\u00bb1_3&#8243; _builder_version=\u00bb4.24.2&#8243; _module_preset=\u00bbdefault\u00bb global_colors_info=\u00bb{}\u00bb][et_pb_text _builder_version=\u00bb4.22.1&#8243; _module_preset=\u00bb624a6faf-ee32-40c9-9e5d-85be5d7b9118&#8243; text_text_color=\u00bb#000000&#8243; global_colors_info=\u00bb{}\u00bb]<\/p>\n<p>Contenido que potencia tu posicionamiento org\u00e1nico.\u00a0<\/p>\n<p>Ejecutamos contenido que aumentan la visibilidad, fortalecen tu presencia en buscadores y consolidan tu ventaja competitiva.<\/p>\n<p>[\/et_pb_text][et_pb_text _builder_version=\u00bb4.24.2&#8243; _module_preset=\u00bb8e67dbcf-67f7-4c96-ab2f-34c93468515b\u00bb global_colors_info=\u00bb{}\u00bb]Ava Davis[\/et_pb_text][\/et_pb_column][\/et_pb_row][\/et_pb_section][et_pb_section fb_built=\u00bb1&#8243; admin_label=\u00bbAbout\u00bb _builder_version=\u00bb4.22.1&#8243; _module_preset=\u00bbdefault\u00bb custom_padding=\u00bb50px||50px||true|false\u00bb animation_style=\u00bbfade\u00bb animation_duration=\u00bb1200ms\u00bb collapsed=\u00bbon\u00bb global_colors_info=\u00bb{}\u00bb][et_pb_row _builder_version=\u00bb4.24.2&#8243; _module_preset=\u00bbdefault\u00bb width=\u00bb90%\u00bb max_width=\u00bb2000px\u00bb global_colors_info=\u00bb{}\u00bb][et_pb_column type=\u00bb4_4&#8243; _builder_version=\u00bb4.24.2&#8243; _module_preset=\u00bbdefault\u00bb global_colors_info=\u00bb{}\u00bb][et_pb_text _builder_version=\u00bb4.22.1&#8243; _module_preset=\u00bbe6e4676f-fec9-4392-8799-0e6526439dfc\u00bb header_2_font=\u00bbArchivo|500|||||||\u00bb header_2_text_color=\u00bb#000000&#8243; global_colors_info=\u00bb{}\u00bb]<\/p>\n<h2>\u00bfCu\u00e1les son los beneficios de realizar un consultoria SEO?<\/h2>\n<p>[\/et_pb_text][\/et_pb_column][\/et_pb_row][et_pb_row column_structure=\u00bb1_3,1_3,1_3&#8243; _builder_version=\u00bb4.24.2&#8243; _module_preset=\u00bbdefault\u00bb width=\u00bb90%\u00bb max_width=\u00bb2000px\u00bb custom_padding=\u00bb0px|||||\u00bb global_colors_info=\u00bb{}\u00bb][et_pb_column type=\u00bb1_3&#8243; _builder_version=\u00bb4.24.2&#8243; _module_preset=\u00bbdefault\u00bb global_colors_info=\u00bb{}\u00bb][et_pb_text _builder_version=\u00bb4.22.1&#8243; _module_preset=\u00bb624a6faf-ee32-40c9-9e5d-85be5d7b9118&#8243; text_text_color=\u00bb#000000&#8243; global_colors_info=\u00bb{}\u00bb]<\/p>\n<p>Mejora de posicionamiento org\u00e1nico. Atrae m\u00e1s tr\u00e1fico y aumenta tus conversiones con una asesor\u00eda SEO. Impulsa tu posicionamiento en Google.<\/p>\n<p>[\/et_pb_text][et_pb_divider _builder_version=\u00bb4.22.1&#8243; _module_preset=\u00bbdefault\u00bb global_colors_info=\u00bb{}\u00bb][\/et_pb_divider][\/et_pb_column][et_pb_column type=\u00bb1_3&#8243; _builder_version=\u00bb4.24.2&#8243; _module_preset=\u00bbdefault\u00bb global_colors_info=\u00bb{}\u00bb][et_pb_text _builder_version=\u00bb4.22.1&#8243; _module_preset=\u00bb624a6faf-ee32-40c9-9e5d-85be5d7b9118&#8243; text_text_color=\u00bb#000000&#8243; hover_enabled=\u00bb0&#8243; locked=\u00bboff\u00bb global_colors_info=\u00bb{}\u00bb sticky_enabled=\u00bb0&#8243;]<\/p>\n<p>Asesoramiento cuenta con seguimiento de espacialistas en SEO que te ayudan a adaptarte a los cambios del mercado y a optizar tu contenido en cada oportunidad.<\/p>\n<p>[\/et_pb_text][\/et_pb_column][et_pb_column type=\u00bb1_3&#8243; _builder_version=\u00bb4.24.2&#8243; _module_preset=\u00bbdefault\u00bb global_colors_info=\u00bb{}\u00bb][et_pb_text _builder_version=\u00bb4.22.1&#8243; _module_preset=\u00bb624a6faf-ee32-40c9-9e5d-85be5d7b9118&#8243; text_text_color=\u00bb#000000&#8243; locked=\u00bboff\u00bb global_colors_info=\u00bb{}\u00bb]<\/p>\n<p>Crecimiento Sostenible. Consolida tu presencia digital y convi\u00e9rtete en un referente de tu industria con estrateg\u00edas de crecimiento a largo plazo.\u00a0<\/p>\n<p>[\/et_pb_text][\/et_pb_column][\/et_pb_row][\/et_pb_section][et_pb_section fb_built=\u00bb1&#8243; admin_label=\u00bbAbout\u00bb _builder_version=\u00bb4.22.1&#8243; _module_preset=\u00bbdefault\u00bb custom_padding=\u00bb50px||50px||true|false\u00bb animation_style=\u00bbfade\u00bb animation_duration=\u00bb1200ms\u00bb collapsed=\u00bbon\u00bb global_colors_info=\u00bb{}\u00bb][et_pb_row _builder_version=\u00bb4.22.1&#8243; _module_preset=\u00bbdefault\u00bb width=\u00bb90%\u00bb max_width=\u00bb2000px\u00bb global_colors_info=\u00bb{}\u00bb][et_pb_column type=\u00bb4_4&#8243; _builder_version=\u00bb4.24.2&#8243; _module_preset=\u00bbdefault\u00bb global_colors_info=\u00bb{}\u00bb][et_pb_text _builder_version=\u00bb4.22.1&#8243; _module_preset=\u00bbe6e4676f-fec9-4392-8799-0e6526439dfc\u00bb header_2_font=\u00bbArchivo|500|||||||\u00bb header_2_text_color=\u00bb#000000&#8243; global_colors_info=\u00bb{}\u00bb]<\/p>\n<h2>Consultoria SEO Integral<\/h2>\n<p>[\/et_pb_text][\/et_pb_column][\/et_pb_row][et_pb_row column_structure=\u00bb1_4,1_4,1_4,1_4&#8243; _builder_version=\u00bb4.24.2&#8243; _module_preset=\u00bbdefault\u00bb width=\u00bb90%\u00bb max_width=\u00bb2000px\u00bb custom_padding=\u00bb0px|||||\u00bb global_colors_info=\u00bb{}\u00bb][et_pb_column type=\u00bb1_4&#8243; _builder_version=\u00bb4.24.2&#8243; _module_preset=\u00bbdefault\u00bb global_colors_info=\u00bb{}\u00bb][et_pb_text _builder_version=\u00bb4.22.1&#8243; _module_preset=\u00bb624a6faf-ee32-40c9-9e5d-85be5d7b9118&#8243; text_text_color=\u00bb#000000&#8243; global_colors_info=\u00bb{}\u00bb]<\/p>\n<p>Audotor\u00eda SEO Profesional<\/p>\n<p>Analizamos tu sitio web a fondo para detectar errorres t\u00e9cnicos, brecha de contenidos y oportunidades reales de optimizaci\u00f3n. Una evaluaci\u00f3n 360\u00ba que marca el punto de partida estrat\u00e9gico.<\/p>\n<p>[\/et_pb_text][\/et_pb_column][et_pb_column type=\u00bb1_4&#8243; _builder_version=\u00bb4.24.2&#8243; _module_preset=\u00bbdefault\u00bb global_colors_info=\u00bb{}\u00bb][et_pb_text _builder_version=\u00bb4.22.1&#8243; _module_preset=\u00bb624a6faf-ee32-40c9-9e5d-85be5d7b9118&#8243; text_text_color=\u00bb#000000&#8243; locked=\u00bboff\u00bb global_colors_info=\u00bb{}\u00bb]<\/p>\n<p>Planificaci\u00f3n SEO a Medida<\/p>\n<p>Dise\u00f1amos una estrateg\u00eda personalizada, alineada a los objetivos de tu negocio. Priorizamos las acciones de mayor impacto para lograr resultados efectivos en menor tiempo posible.<\/p>\n<p>[\/et_pb_text][\/et_pb_column][et_pb_column type=\u00bb1_4&#8243; _builder_version=\u00bb4.24.2&#8243; _module_preset=\u00bbdefault\u00bb global_colors_info=\u00bb{}\u00bb][et_pb_text _builder_version=\u00bb4.22.1&#8243; _module_preset=\u00bb624a6faf-ee32-40c9-9e5d-85be5d7b9118&#8243; text_text_color=\u00bb#000000&#8243; hover_enabled=\u00bb0&#8243; locked=\u00bboff\u00bb global_colors_info=\u00bb{}\u00bb sticky_enabled=\u00bb0&#8243;]<\/p>\n<p>Acompa\u00f1amiento de Expertos<\/p>\n<p>Asignamos un equipo dedicado\u00a0 que te acompa\u00f1a en cada etapa. Te entregamos un roadmap claro con recomendacoiones priorizadas y accionables, listas para implementar.<\/p>\n<p>[\/et_pb_text][\/et_pb_column][et_pb_column type=\u00bb1_4&#8243; _builder_version=\u00bb4.24.2&#8243; _module_preset=\u00bbdefault\u00bb global_colors_info=\u00bb{}\u00bb][et_pb_text _builder_version=\u00bb4.22.1&#8243; _module_preset=\u00bb624a6faf-ee32-40c9-9e5d-85be5d7b9118&#8243; text_text_color=\u00bb#000000&#8243; locked=\u00bboff\u00bb global_colors_info=\u00bb{}\u00bb]<\/p>\n<p>Monitoreo y Ajustes Continuos<\/p>\n<p>Medimos el rendimiento a traves de m\u00e9tricas clave y KPIs. Ajustamos cada acci\u00f3n en funci\u00f3n de los resultados y mejores pr\u00e1cticas, con foco en maximizar tu crecimiento otg\u00e1nico.<\/p>\n<p>[\/et_pb_text][\/et_pb_column][\/et_pb_row][\/et_pb_section][et_pb_section fb_built=\u00bb1&#8243; admin_label=\u00bbAbout\u00bb _builder_version=\u00bb4.22.1&#8243; _module_preset=\u00bbdefault\u00bb custom_padding=\u00bb50px||50px||true|false\u00bb animation_style=\u00bbfade\u00bb animation_duration=\u00bb1200ms\u00bb collapsed=\u00bbon\u00bb global_colors_info=\u00bb{}\u00bb][et_pb_row column_structure=\u00bb1_3,1_3,1_3&#8243; _builder_version=\u00bb4.24.2&#8243; _module_preset=\u00bbdefault\u00bb width=\u00bb90%\u00bb max_width=\u00bb2000px\u00bb custom_padding=\u00bb0px|||||\u00bb global_colors_info=\u00bb{}\u00bb][et_pb_column type=\u00bb1_3&#8243; _builder_version=\u00bb4.24.2&#8243; _module_preset=\u00bbdefault\u00bb global_colors_info=\u00bb{}\u00bb][et_pb_button button_url=\u00bbhttps:\/\/neektar.com\/?page_id=1548&#8243; button_text=\u00bbHablemos de proyectos\u00bb button_alignment=\u00bbleft\u00bb _builder_version=\u00bb4.22.1&#8243; _module_preset=\u00bb18f1ae3b-eeb3-495d-8647-fe718c187849&#8243; button_text_size=\u00bb28px\u00bb button_text_color=\u00bb#000000&#8243; button_bg_color=\u00bbRGBA(255,255,255,0)\u00bb button_border_color=\u00bbRGBA(255,255,255,0)\u00bb button_letter_spacing=\u00bb0em\u00bb button_font=\u00bbRoboto|300||||||RGBA(255,255,255,0)|\u00bb button_icon_color=\u00bb#ff5623&#8243; button_on_hover=\u00bboff\u00bb custom_margin=\u00bb2px|0px|0px|0px|false|false\u00bb custom_padding=\u00bb0px|0px|0px|0px|true|true\u00bb button_text_size_tablet=\u00bb21px\u00bb button_text_size_phone=\u00bb18px\u00bb button_text_size_last_edited=\u00bbon|phone\u00bb button_icon_tablet=\u00bb\u00bb button_icon_phone=\u00bb\u00bb button_icon_last_edited=\u00bbon|phone\u00bb global_colors_info=\u00bb{}\u00bb button_icon_color__hover_enabled=\u00bbon|desktop\u00bb button_icon_color__hover=\u00bb#ff5623&#8243;][\/et_pb_button][et_pb_divider color=\u00bb#000000&#8243; _builder_version=\u00bb4.22.1&#8243; _module_preset=\u00bbdefault\u00bb global_colors_info=\u00bb{}\u00bb][\/et_pb_divider][\/et_pb_column][et_pb_column type=\u00bb1_3&#8243; _builder_version=\u00bb4.24.2&#8243; _module_preset=\u00bbdefault\u00bb global_colors_info=\u00bb{}\u00bb][\/et_pb_column][et_pb_column type=\u00bb1_3&#8243; _builder_version=\u00bb4.24.2&#8243; _module_preset=\u00bbdefault\u00bb global_colors_info=\u00bb{}\u00bb][\/et_pb_column][\/et_pb_row][\/et_pb_section]<\/p>\n","protected":false},"excerpt":{"rendered":"<p>Consultoria SEODise\u00f1amos un plan en funci\u00f3n de tus objetivos comerciales, pensado para escalar resultados sostenibles y medibles. Incluyendo las LLMs.El objetivo principal de una consultoria es mejorar la visibilidad y atraer tr\u00e1fico relevante y de calidad hacia tu web, sin pagar por anuncios.Dise\u00f1o de Planificaci\u00f3n SEOEstrateg\u00eda SEO personalizada con pr\u00f3posito. Dise\u00f1amos un plan estrategico alineado [&hellip;]<\/p>\n","protected":false},"author":1,"featured_media":0,"parent":0,"menu_order":0,"comment_status":"closed","ping_status":"closed","template":"","meta":{"_et_pb_use_builder":"on","_et_pb_old_content":"","_et_gb_content_width":"","footnotes":""},"class_list":["post-2180","page","type-page","status-publish","hentry"],"_links":{"self":[{"href":"https:\/\/neektar.com\/index.php?rest_route=\/wp\/v2\/pages\/2180","targetHints":{"allow":["GET"]}}],"collection":[{"href":"https:\/\/neektar.com\/index.php?rest_route=\/wp\/v2\/pages"}],"about":[{"href":"https:\/\/neektar.com\/index.php?rest_route=\/wp\/v2\/types\/page"}],"author":[{"embeddable":true,"href":"https:\/\/neektar.com\/index.php?rest_route=\/wp\/v2\/users\/1"}],"replies":[{"embeddable":true,"href":"https:\/\/neektar.com\/index.php?rest_route=%2Fwp%2Fv2%2Fcomments&post=2180"}],"version-history":[{"count":20,"href":"https:\/\/neektar.com\/index.php?rest_route=\/wp\/v2\/pages\/2180\/revisions"}],"predecessor-version":[{"id":2763,"href":"https:\/\/neektar.com\/index.php?rest_route=\/wp\/v2\/pages\/2180\/revisions\/2763"}],"wp:attachment":[{"href":"https:\/\/neektar.com\/index.php?rest_route=%2Fwp%2Fv2%2Fmedia&parent=2180"}],"curies":[{"name":"wp","href":"https:\/\/api.w.org\/{rel}","templated":true}]}}